{"id":7,"date":"2023-08-02T23:33:11","date_gmt":"2023-08-02T23:33:11","guid":{"rendered":"https:\/\/ultraenvioscarandcar.com\/?page_id=7"},"modified":"2023-08-03T00:16:35","modified_gmt":"2023-08-03T00:16:35","slug":"inicio","status":"publish","type":"page","link":"https:\/\/ultraenvioscarandcar.com\/","title":{"rendered":"inicio"},"content":{"rendered":"<p>[et_pb_section fb_built=\u00bb1&#8243; admin_label=\u00bbHeader\u00bb _builder_version=\u00bb4.20.0&#8243; _module_preset=\u00bbdefault\u00bb background_color=\u00bbgcid-af6245ea-df40-48a8-9687-67293107dc0c\u00bb background_image=\u00bbhttps:\/\/ultraenvioscarandcar.com\/wp-content\/uploads\/2023\/08\/cargo-transport-04.png\u00bb background_position=\u00bbtop_center\u00bb locked=\u00bboff\u00bb collapsed=\u00bbon\u00bb global_colors_info=\u00bb{%22gcid-af6245ea-df40-48a8-9687-67293107dc0c%22:%91%22background_color%22%93}\u00bb][et_pb_row _builder_version=\u00bb4.20.0&#8243; _module_preset=\u00bbdefault\u00bb locked=\u00bboff\u00bb global_colors_info=\u00bb{}\u00bb][et_pb_column type=\u00bb4_4&#8243; _builder_version=\u00bb4.20.0&#8243; _module_preset=\u00bbdefault\u00bb global_colors_info=\u00bb{}\u00bb][et_pb_text _builder_version=\u00bb4.20.0&#8243; _module_preset=\u00bbf249281f-600d-4d8a-9da4-2700291b1a67&#8243; header_text_color=\u00bb#FFFFFF\u00bb text_orientation=\u00bbcenter\u00bb custom_margin=\u00bb||10px||false|false\u00bb locked=\u00bboff\u00bb global_colors_info=\u00bb{}\u00bb]<\/p>\n<h1>ULTRA ENV\u00cdOS CAR AND CAR<\/h1>\n<p>[\/et_pb_text][et_pb_text _builder_version=\u00bb4.20.0&#8243; _module_preset=\u00bb75b7d282-92f1-4aaa-8597-b01b5af94910&#8243; text_text_color=\u00bbrgba(255,255,255,0.7)\u00bb text_orientation=\u00bbcenter\u00bb max_width=\u00bb600px\u00bb module_alignment=\u00bbcenter\u00bb locked=\u00bboff\u00bb global_colors_info=\u00bb{}\u00bb]<\/p>\n<p>Eficiencia y Confianza en Movimiento<\/p>\n<p>Cada Paso del Camino con Ultra Env\u00edos<\/p>\n<p>[\/et_pb_text][et_pb_button button_url=\u00bbhttps:\/\/wa.me\/5215549594499&#8243; url_new_window=\u00bbon\u00bb button_text=\u00bbContacto\u00bb button_alignment=\u00bbcenter\u00bb _builder_version=\u00bb4.21.2&#8243; _module_preset=\u00bbd19fab27-06c6-4cdf-b39f-1ffe5f53e64e\u00bb global_colors_info=\u00bb{}\u00bb][\/et_pb_button][\/et_pb_column][\/et_pb_row][\/et_pb_section][et_pb_section fb_built=\u00bb1&#8243; disabled_on=\u00bbon|on|on\u00bb admin_label=\u00bbFeature\u00bb _builder_version=\u00bb4.21.2&#8243; _module_preset=\u00bbdefault\u00bb background_color=\u00bbgcid-af6245ea-df40-48a8-9687-67293107dc0c\u00bb disabled=\u00bbon\u00bb locked=\u00bboff\u00bb collapsed=\u00bbon\u00bb global_colors_info=\u00bb{%22gcid-af6245ea-df40-48a8-9687-67293107dc0c%22:%91%22background_color%22%93}\u00bb][et_pb_row column_structure=\u00bb1_2,1_2&#8243; _builder_version=\u00bb4.20.0&#8243; _module_preset=\u00bbdefault\u00bb global_colors_info=\u00bb{}\u00bb][et_pb_column type=\u00bb1_2&#8243; _builder_version=\u00bb4.20.0&#8243; _module_preset=\u00bbdefault\u00bb global_colors_info=\u00bb{}\u00bb][et_pb_text _builder_version=\u00bb4.20.0&#8243; _module_preset=\u00bbd6fa7449-b152-4d75-88e6-473c505f956c\u00bb header_4_text_color=\u00bbgcid-8cdb4e16-0e89-4c38-b30b-9fe41127e3f5&#8243; global_colors_info=\u00bb{%22gcid-8cdb4e16-0e89-4c38-b30b-9fe41127e3f5%22:%91%22header_4_text_color%22%93}\u00bb]<\/p>\n<h4>How It Works<\/h4>\n<p>[\/et_pb_text][et_pb_text _builder_version=\u00bb4.20.0&#8243; _module_preset=\u00bbad360d3c-093c-40d1-97c0-476150157231&#8243; header_2_text_color=\u00bb#FFFFFF\u00bb global_colors_info=\u00bb{}\u00bb]<\/p>\n<h2>Name the time and the place. We pick it up, pack it, ship it, deliver it.<\/h2>\n<p>[\/et_pb_text][et_pb_text _builder_version=\u00bb4.20.0&#8243; _module_preset=\u00bb2ba3a6de-cce2-46ad-8d2d-5b82b6458ffe\u00bb text_text_color=\u00bbrgba(255,255,255,0.7)\u00bb global_colors_info=\u00bb{}\u00bb]We are a reliable and efficient logistics company that offers customized cargo transport solutions. With advanced technology and a dedicated team, we ensure timely delivery of your goods anywhere in the world. Choose us for streamlined supply chain solutions and exceptional customer service.[\/et_pb_text][\/et_pb_column][et_pb_column type=\u00bb1_2&#8243; _builder_version=\u00bb4.20.0&#8243; _module_preset=\u00bbdefault\u00bb global_colors_info=\u00bb{}\u00bb][et_pb_image src=\u00bbhttps:\/\/ultraenvioscarandcar.com\/wp-content\/uploads\/2023\/08\/cargo-transport-11.png\u00bb title_text=\u00bbcargo-transport-11&#8243; _builder_version=\u00bb4.20.0&#8243; _module_preset=\u00bbdefault\u00bb global_colors_info=\u00bb{}\u00bb][\/et_pb_image][\/et_pb_column][\/et_pb_row][\/et_pb_section][et_pb_section fb_built=\u00bb1&#8243; disabled_on=\u00bboff|off|off\u00bb admin_label=\u00bbFeatures\u00bb _builder_version=\u00bb4.21.2&#8243; _module_preset=\u00bbdefault\u00bb background_color=\u00bbgcid-af6245ea-df40-48a8-9687-67293107dc0c\u00bb saved_tabs=\u00bball\u00bb collapsed=\u00bbon\u00bb global_colors_info=\u00bb{%22gcid-af6245ea-df40-48a8-9687-67293107dc0c%22:%91%22background_color%22%93}\u00bb][et_pb_row column_structure=\u00bb1_2,1_2&#8243; _builder_version=\u00bb4.20.0&#8243; _module_preset=\u00bbdefault\u00bb locked=\u00bboff\u00bb global_colors_info=\u00bb{}\u00bb][et_pb_column type=\u00bb1_2&#8243; _builder_version=\u00bb4.20.0&#8243; _module_preset=\u00bbdefault\u00bb global_colors_info=\u00bb{}\u00bb][et_pb_image src=\u00bbhttps:\/\/ultraenvioscarandcar.com\/wp-content\/uploads\/2023\/08\/Cargo-transport-illustrations.png\u00bb title_text=\u00bbCargo-transport-illustrations\u00bb align=\u00bbright\u00bb _builder_version=\u00bb4.20.0&#8243; _module_preset=\u00bbdefault\u00bb custom_margin=\u00bb|||-20vw|false|false\u00bb custom_margin_last_edited=\u00bboff|desktop\u00bb scroll_horizontal_motion_enable=\u00bbon\u00bb scroll_horizontal_motion=\u00bb0|100|100|100|-2|0|0&#8243; global_colors_info=\u00bb{}\u00bb][\/et_pb_image][\/et_pb_column][et_pb_column type=\u00bb1_2&#8243; _builder_version=\u00bb4.20.0&#8243; _module_preset=\u00bbdefault\u00bb global_colors_info=\u00bb{}\u00bb][et_pb_text _builder_version=\u00bb4.21.2&#8243; _module_preset=\u00bbd6fa7449-b152-4d75-88e6-473c505f956c\u00bb header_4_text_color=\u00bbgcid-8cdb4e16-0e89-4c38-b30b-9fe41127e3f5&#8243; global_colors_info=\u00bb{%22gcid-8cdb4e16-0e89-4c38-b30b-9fe41127e3f5%22:%91%22header_4_text_color%22%93}\u00bb]<\/p>\n<h4>Satisfacci\u00f3n garantizada<\/h4>\n<p>[\/et_pb_text][et_pb_text _builder_version=\u00bb4.21.2&#8243; _module_preset=\u00bbad360d3c-093c-40d1-97c0-476150157231&#8243; header_2_text_color=\u00bb#FFFFFF\u00bb global_colors_info=\u00bb{}\u00bb]<\/p>\n<h2>Entregando manera segura y \u00e1gil<\/h2>\n<p>[\/et_pb_text][et_pb_blurb title=\u00bbServicio Personalizado: Nuestro equipo est\u00e1 comprometido a brindar un trato amable y personalizado a cada cliente.\u00bb use_icon=\u00bbon\u00bb font_icon=\u00bb&#xe052;||divi||400&#8243; icon_color=\u00bb#E7AC3C\u00bb _builder_version=\u00bb4.20.0&#8243; _module_preset=\u00bbe9b90520-3962-462b-a847-edad6f8df662&#8243; global_colors_info=\u00bb{}\u00bb][\/et_pb_blurb][et_pb_blurb title=\u00bbSeguridad en Env\u00edos: Garantizamos la protecci\u00f3n y cuidado de los paquetes durante todo el proceso de entrega.\u00bb use_icon=\u00bbon\u00bb font_icon=\u00bb&#xe052;||divi||400&#8243; icon_color=\u00bb#E7AC3C\u00bb _builder_version=\u00bb4.20.0&#8243; _module_preset=\u00bbe9b90520-3962-462b-a847-edad6f8df662&#8243; global_colors_info=\u00bb{}\u00bb][\/et_pb_blurb][et_pb_blurb title=\u00bbCapacidad de Respaldo: Contamos unidades extra para cubrir cualquier eventualidad o carga adicional.\u00bb use_icon=\u00bbon\u00bb font_icon=\u00bb&#xe052;||divi||400&#8243; icon_color=\u00bb#E7AC3C\u00bb _builder_version=\u00bb4.20.0&#8243; _module_preset=\u00bbe9b90520-3962-462b-a847-edad6f8df662&#8243; global_colors_info=\u00bb{}\u00bb][\/et_pb_blurb][et_pb_blurb title=\u00bbConocimiento de Rutas: Nuestros operadores conocen a la perfecci\u00f3n las rutas m\u00e1s convenientes para entregas \u00e1giles.\u00bb use_icon=\u00bbon\u00bb font_icon=\u00bb&#xe052;||divi||400&#8243; icon_color=\u00bb#E7AC3C\u00bb _builder_version=\u00bb4.20.0&#8243; _module_preset=\u00bbe9b90520-3962-462b-a847-edad6f8df662&#8243; global_colors_info=\u00bb{}\u00bb][\/et_pb_blurb][et_pb_blurb title=\u00bbEficiencia Log\u00edstica: Optimizamos los tiempos y recursos para asegurar entregas r\u00e1pidas y costo-efectivas.\u00bb use_icon=\u00bbon\u00bb font_icon=\u00bb&#xe052;||divi||400&#8243; icon_color=\u00bb#E7AC3C\u00bb _builder_version=\u00bb4.20.0&#8243; _module_preset=\u00bbe9b90520-3962-462b-a847-edad6f8df662&#8243; global_colors_info=\u00bb{}\u00bb][\/et_pb_blurb][et_pb_blurb title=\u00bbGarant\u00eda de Satisfacci\u00f3n: Nos comprometemos a ofrecer un servicio de calidad que supere las expectativas de nuestros clientes.\u00bb use_icon=\u00bbon\u00bb font_icon=\u00bb&#xe052;||divi||400&#8243; icon_color=\u00bb#E7AC3C\u00bb _builder_version=\u00bb4.20.0&#8243; _module_preset=\u00bbe9b90520-3962-462b-a847-edad6f8df662&#8243; global_colors_info=\u00bb{}\u00bb][\/et_pb_blurb][\/et_pb_column][\/et_pb_row][\/et_pb_section][et_pb_section fb_built=\u00bb1&#8243; disabled_on=\u00bboff|off|off\u00bb admin_label=\u00bbCall to Action\u00bb _builder_version=\u00bb4.21.2&#8243; _module_preset=\u00bbdefault\u00bb background_color=\u00bbgcid-af6245ea-df40-48a8-9687-67293107dc0c\u00bb locked=\u00bboff\u00bb collapsed=\u00bbon\u00bb global_colors_info=\u00bb{%22gcid-af6245ea-df40-48a8-9687-67293107dc0c%22:%91%22background_color%22%93}\u00bb][et_pb_row _builder_version=\u00bb4.21.2&#8243; _module_preset=\u00bbdefault\u00bb background_color=\u00bb#E7AC3C\u00bb background_image=\u00bbhttps:\/\/ultraenvioscarandcar.com\/wp-content\/uploads\/2023\/08\/cargo-transport-07.png\u00bb background_position=\u00bbtop_center\u00bb background_vertical_offset=\u00bb6vw\u00bb custom_padding=\u00bb80px|80px|80px|80px|false|true\u00bb hover_enabled=\u00bb0&#8243; border_radii=\u00bbon|10px|10px|10px|10px\u00bb saved_tabs=\u00bball\u00bb global_colors_info=\u00bb{%22gcid-8cdb4e16-0e89-4c38-b30b-9fe41127e3f5%22:%91%22background_color%22%93}\u00bb custom_padding_last_edited=\u00bbon|phone\u00bb sticky_enabled=\u00bb0&#8243; custom_padding_phone=\u00bb40px|10px|40px|10px|true|true\u00bb custom_padding_tablet=\u00bb80px|80px|80px|80px|false|true\u00bb][et_pb_column type=\u00bb4_4&#8243; _builder_version=\u00bb4.20.0&#8243; _module_preset=\u00bbdefault\u00bb global_colors_info=\u00bb{}\u00bb][et_pb_text _builder_version=\u00bb4.21.2&#8243; _module_preset=\u00bbad360d3c-093c-40d1-97c0-476150157231&#8243; header_2_text_color=\u00bbgcid-af6245ea-df40-48a8-9687-67293107dc0c\u00bb text_orientation=\u00bbcenter\u00bb hover_enabled=\u00bb0&#8243; global_colors_info=\u00bb{%22gcid-af6245ea-df40-48a8-9687-67293107dc0c%22:%91%22header_2_text_color%22%93}\u00bb sticky_enabled=\u00bb0&#8243;]<\/p>\n<h2>\u00bfBusca soluciones log\u00edsticas efectivas? Deje que simplifiquemos el proceso. \u00a1Agende una consulta gratuita hoy mismo!<\/h2>\n<p>[\/et_pb_text][et_pb_button button_url=\u00bbhttps:\/\/wa.me\/5215549594499&#8243; url_new_window=\u00bbon\u00bb button_text=\u00bbContacto\u00bb button_alignment=\u00bbcenter\u00bb _builder_version=\u00bb4.21.2&#8243; _module_preset=\u00bbf6e02920-ab97-495b-a933-9ba094cef9e3&#8243; global_colors_info=\u00bb{}\u00bb][\/et_pb_button][\/et_pb_column][\/et_pb_row][\/et_pb_section][et_pb_section fb_built=\u00bb1&#8243; disabled_on=\u00bbon|on|on\u00bb admin_label=\u00bbFooter\u00bb _builder_version=\u00bb4.21.2&#8243; _module_preset=\u00bbdefault\u00bb background_color=\u00bbgcid-400cd218-0ce7-4651-90a8-18df0f8d948b\u00bb disabled=\u00bbon\u00bb saved_tabs=\u00bball\u00bb collapsed=\u00bbon\u00bb global_colors_info=\u00bb{%22gcid-400cd218-0ce7-4651-90a8-18df0f8d948b%22:%91%22background_color%22%93}\u00bb][et_pb_row column_structure=\u00bb1_3,1_3,1_3&#8243; _builder_version=\u00bb4.20.0&#8243; _module_preset=\u00bbdefault\u00bb global_colors_info=\u00bb{}\u00bb][et_pb_column type=\u00bb1_3&#8243; _builder_version=\u00bb4.20.0&#8243; _module_preset=\u00bbdefault\u00bb global_colors_info=\u00bb{}\u00bb][et_pb_text _builder_version=\u00bb4.20.0&#8243; _module_preset=\u00bb5b4451e5-abbd-4049-b8cf-fa92ad009ac3&#8243; header_3_text_color=\u00bb#FFFFFF\u00bb custom_margin=\u00bb||10px||false|false\u00bb global_colors_info=\u00bb{}\u00bb]<\/p>\n<h3>Divi Cargo<\/h3>\n<p>[\/et_pb_text][et_pb_text _builder_version=\u00bb4.20.0&#8243; _module_preset=\u00bb2ba3a6de-cce2-46ad-8d2d-5b82b6458ffe\u00bb text_text_color=\u00bbrgba(255,255,255,0.7)\u00bb global_colors_info=\u00bb{}\u00bb]<\/p>\n<p>Vestibulum ante ipsum primis in faucibus orci luctus et ultrices posuere cubilia. Donec velit neque, auctor sit amet.<\/p>\n<p>[\/et_pb_text][et_pb_button button_text=\u00bbGet A Quote\u00bb _builder_version=\u00bb4.20.0&#8243; _module_preset=\u00bb00857349-47c4-42b8-876c-40f53bc4127a\u00bb global_colors_info=\u00bb{}\u00bb][\/et_pb_button][\/et_pb_column][et_pb_column type=\u00bb1_3&#8243; _builder_version=\u00bb4.20.0&#8243; _module_preset=\u00bbdefault\u00bb global_colors_info=\u00bb{}\u00bb][et_pb_text _builder_version=\u00bb4.20.0&#8243; _module_preset=\u00bb5b4451e5-abbd-4049-b8cf-fa92ad009ac3&#8243; header_3_text_color=\u00bb#FFFFFF\u00bb custom_margin=\u00bb||10px||false|false\u00bb global_colors_info=\u00bb{}\u00bb]<\/p>\n<h3>Quick Links<\/h3>\n<p>[\/et_pb_text][et_pb_text _builder_version=\u00bb4.20.0&#8243; _module_preset=\u00bb2ba3a6de-cce2-46ad-8d2d-5b82b6458ffe\u00bb text_text_color=\u00bb#FFFFFF\u00bb link_text_color=\u00bb#FFFFFF\u00bb custom_margin=\u00bb||10px||false|false\u00bb global_colors_info=\u00bb{%22gcid-8cdb4e16-0e89-4c38-b30b-9fe41127e3f5%22:%91%22link_text_color__hover%22%93}\u00bb link_text_color__hover_enabled=\u00bbon|hover\u00bb link_text_color__hover=\u00bb#e7ac3c\u00bb]<\/p>\n<p><a href=\"#\">Support<\/a><\/p>\n<p>[\/et_pb_text][et_pb_text _builder_version=\u00bb4.20.0&#8243; _module_preset=\u00bb2ba3a6de-cce2-46ad-8d2d-5b82b6458ffe\u00bb text_text_color=\u00bb#FFFFFF\u00bb link_text_color=\u00bb#FFFFFF\u00bb custom_margin=\u00bb||10px||false|false\u00bb global_colors_info=\u00bb{%22gcid-8cdb4e16-0e89-4c38-b30b-9fe41127e3f5%22:%91%22link_text_color__hover%22%93}\u00bb link_text_color__hover_enabled=\u00bbon|hover\u00bb link_text_color__hover=\u00bb#e7ac3c\u00bb]<\/p>\n<p><a href=\"#\">Pricing<\/a><\/p>\n<p>[\/et_pb_text][et_pb_text _builder_version=\u00bb4.20.0&#8243; _module_preset=\u00bb2ba3a6de-cce2-46ad-8d2d-5b82b6458ffe\u00bb text_text_color=\u00bb#FFFFFF\u00bb link_text_color=\u00bb#FFFFFF\u00bb custom_margin=\u00bb||10px||false|false\u00bb global_colors_info=\u00bb{%22gcid-8cdb4e16-0e89-4c38-b30b-9fe41127e3f5%22:%91%22link_text_color__hover%22%93}\u00bb link_text_color__hover_enabled=\u00bbon|hover\u00bb link_text_color__hover=\u00bb#e7ac3c\u00bb]<\/p>\n<p><a href=\"#\">Blog<\/a><\/p>\n<p>[\/et_pb_text][et_pb_text _builder_version=\u00bb4.20.0&#8243; _module_preset=\u00bb2ba3a6de-cce2-46ad-8d2d-5b82b6458ffe\u00bb text_text_color=\u00bb#FFFFFF\u00bb link_text_color=\u00bb#FFFFFF\u00bb custom_margin=\u00bb||10px||false|false\u00bb global_colors_info=\u00bb{%22gcid-8cdb4e16-0e89-4c38-b30b-9fe41127e3f5%22:%91%22link_text_color__hover%22%93}\u00bb link_text_color__hover_enabled=\u00bbon|hover\u00bb link_text_color__hover=\u00bb#e7ac3c\u00bb]<\/p>\n<p><a href=\"#\">Contact<\/a><\/p>\n<p>[\/et_pb_text][\/et_pb_column][et_pb_column type=\u00bb1_3&#8243; _builder_version=\u00bb4.20.0&#8243; _module_preset=\u00bbdefault\u00bb global_colors_info=\u00bb{}\u00bb][et_pb_text _builder_version=\u00bb4.20.0&#8243; _module_preset=\u00bb5b4451e5-abbd-4049-b8cf-fa92ad009ac3&#8243; header_3_text_color=\u00bb#FFFFFF\u00bb custom_margin=\u00bb||10px||false|false\u00bb global_colors_info=\u00bb{}\u00bb]<\/p>\n<h3>Essentials<\/h3>\n<p>[\/et_pb_text][et_pb_text _builder_version=\u00bb4.20.0&#8243; _module_preset=\u00bb2ba3a6de-cce2-46ad-8d2d-5b82b6458ffe\u00bb text_text_color=\u00bb#FFFFFF\u00bb link_text_color=\u00bb#FFFFFF\u00bb custom_margin=\u00bb||10px||false|false\u00bb global_colors_info=\u00bb{%22gcid-8cdb4e16-0e89-4c38-b30b-9fe41127e3f5%22:%91%22link_text_color__hover%22%93}\u00bb link_text_color__hover_enabled=\u00bbon|hover\u00bb link_text_color__hover=\u00bb#e7ac3c\u00bb]<\/p>\n<p><a href=\"#\">Insurance<\/a><\/p>\n<p>[\/et_pb_text][et_pb_text _builder_version=\u00bb4.20.0&#8243; _module_preset=\u00bb2ba3a6de-cce2-46ad-8d2d-5b82b6458ffe\u00bb text_text_color=\u00bb#FFFFFF\u00bb link_text_color=\u00bb#FFFFFF\u00bb custom_margin=\u00bb||10px||false|false\u00bb global_colors_info=\u00bb{%22gcid-8cdb4e16-0e89-4c38-b30b-9fe41127e3f5%22:%91%22link_text_color__hover%22%93}\u00bb link_text_color__hover_enabled=\u00bbon|hover\u00bb link_text_color__hover=\u00bb#e7ac3c\u00bb]<\/p>\n<p><a href=\"#\">Tracking<\/a><\/p>\n<p>[\/et_pb_text][et_pb_text _builder_version=\u00bb4.20.0&#8243; _module_preset=\u00bb2ba3a6de-cce2-46ad-8d2d-5b82b6458ffe\u00bb text_text_color=\u00bb#FFFFFF\u00bb link_text_color=\u00bb#FFFFFF\u00bb custom_margin=\u00bb||10px||false|false\u00bb global_colors_info=\u00bb{%22gcid-8cdb4e16-0e89-4c38-b30b-9fe41127e3f5%22:%91%22link_text_color__hover%22%93}\u00bb link_text_color__hover_enabled=\u00bbon|desktop\u00bb link_text_color__hover=\u00bb#e7ac3c\u00bb]<\/p>\n<p><a href=\"#\">Download our App<\/a><\/p>\n<p>[\/et_pb_text][et_pb_text _builder_version=\u00bb4.20.0&#8243; _module_preset=\u00bb2ba3a6de-cce2-46ad-8d2d-5b82b6458ffe\u00bb text_text_color=\u00bb#FFFFFF\u00bb link_text_color=\u00bb#FFFFFF\u00bb custom_margin=\u00bb||10px||false|false\u00bb global_colors_info=\u00bb{%22gcid-8cdb4e16-0e89-4c38-b30b-9fe41127e3f5%22:%91%22link_text_color__hover%22%93}\u00bb link_text_color__hover_enabled=\u00bbon|hover\u00bb link_text_color__hover=\u00bb#e7ac3c\u00bb]<\/p>\n<p><a href=\"#\">Privacy Policy<\/a><\/p>\n<p>[\/et_pb_text][\/et_pb_column][\/et_pb_row][\/et_pb_section]<\/p>\n","protected":false},"excerpt":{"rendered":"<p>ULTRA ENV\u00cdOS CAR AND CAREficiencia y Confianza en Movimiento Cada Paso del Camino con Ultra Env\u00edosHow It WorksName the time and the place. We pick it up, pack it, ship it, deliver it.We are a reliable and efficient logistics company that offers customized cargo transport solutions. With advanced technology and a dedicated team, we ensure [&hellip;]<\/p>\n","protected":false},"author":1,"featured_media":0,"parent":0,"menu_order":0,"comment_status":"closed","ping_status":"closed","template":"","meta":{"_et_pb_use_builder":"on","_et_pb_old_content":"","_et_gb_content_width":""},"_links":{"self":[{"href":"https:\/\/ultraenvioscarandcar.com\/index.php\/wp-json\/wp\/v2\/pages\/7"}],"collection":[{"href":"https:\/\/ultraenvioscarandcar.com\/index.php\/wp-json\/wp\/v2\/pages"}],"about":[{"href":"https:\/\/ultraenvioscarandcar.com\/index.php\/wp-json\/wp\/v2\/types\/page"}],"author":[{"embeddable":true,"href":"https:\/\/ultraenvioscarandcar.com\/index.php\/wp-json\/wp\/v2\/users\/1"}],"replies":[{"embeddable":true,"href":"https:\/\/ultraenvioscarandcar.com\/index.php\/wp-json\/wp\/v2\/comments?post=7"}],"version-history":[{"count":9,"href":"https:\/\/ultraenvioscarandcar.com\/index.php\/wp-json\/wp\/v2\/pages\/7\/revisions"}],"predecessor-version":[{"id":45,"href":"https:\/\/ultraenvioscarandcar.com\/index.php\/wp-json\/wp\/v2\/pages\/7\/revisions\/45"}],"wp:attachment":[{"href":"https:\/\/ultraenvioscarandcar.com\/index.php\/wp-json\/wp\/v2\/media?parent=7"}],"curies":[{"name":"wp","href":"https:\/\/api.w.org\/{rel}","templated":true}]}}